{"id":2186,"date":"2019-04-17T11:32:05","date_gmt":"2019-04-17T15:32:05","guid":{"rendered":"http:\/\/207.253.81.73\/?page_id=2186"},"modified":"2025-08-29T12:26:57","modified_gmt":"2025-08-29T16:26:57","slug":"accueil-2","status":"publish","type":"page","link":"https:\/\/maisonmallet.com\/","title":{"rendered":"Accueil"},"content":{"rendered":"<div id=\"pl-2186\"  class=\"panel-layout\" ><div id=\"pg-2186-0\"  class=\"panel-grid panel-has-style\" ><div class=\"siteorigin-panels-stretch panel-row-style panel-row-style-for-2186-0\" data-stretch-type=\"full-width-stretch\" ><div id=\"pgc-2186-0-0\"  class=\"panel-grid-cell\" ><div id=\"panel-2186-0-0-0\" class=\"so-panel widget panel-first-child panel-last-child\" data-index=\"0\" ><\/div><\/div><\/div><\/div><div id=\"pg-2186-1\"  class=\"panel-grid panel-no-style\" ><div id=\"pgc-2186-1-0\"  class=\"panel-grid-cell\" ><div id=\"panel-2186-1-0-0\" class=\"so-panel widget widget_sow-editor panel-first-child panel-last-child\" data-index=\"1\" ><div\n\t\t\t\n\t\t\tclass=\"so-widget-sow-editor so-widget-sow-editor-base\"\n\t\t\t\n\t\t>\n<div class=\"siteorigin-widget-tinymce textwidget\">\n\t<h2>Une famille \u00e0 l'\u00e9coute des familles depuis plus de 55 ans<\/h2>\n<\/div>\n<\/div><\/div><\/div><\/div><div id=\"pg-2186-2\"  class=\"panel-grid panel-no-style\" ><div id=\"pgc-2186-2-0\"  class=\"panel-grid-cell\" ><div id=\"panel-2186-2-0-0\" class=\"so-panel widget widget_sow-slider panel-first-child panel-last-child\" data-index=\"2\" ><div\n\t\t\t\n\t\t\tclass=\"so-widget-sow-slider so-widget-sow-slider-default-6d39609536fd-2186\"\n\t\t\t\n\t\t>\t\t\t\t<div class=\"sow-slider-base\" style=\"display: none\" tabindex=\"0\">\n\t\t\t\t\t<ul\n\t\t\t\t\tclass=\"sow-slider-images\"\n\t\t\t\t\tdata-settings=\"{&quot;pagination&quot;:true,&quot;speed&quot;:800,&quot;timeout&quot;:8000,&quot;paused&quot;:false,&quot;pause_on_hover&quot;:false,&quot;swipe&quot;:true,&quot;nav_always_show_desktop&quot;:&quot;&quot;,&quot;nav_always_show_mobile&quot;:&quot;&quot;,&quot;breakpoint&quot;:&quot;780px&quot;,&quot;unmute&quot;:false,&quot;anchor&quot;:null}\"\n\t\t\t\t\t\t\t\t\t\tdata-anchor-id=\"\"\n\t\t\t\t>\t\t<li class=\"sow-slider-image\" style=\"visibility: visible;\" >\n\t\t\t\t\t\t<img loading=\"lazy\" decoding=\"async\" width=\"311\" height=\"196\" src=\"https:\/\/maisonmallet.com\/wp-content\/uploads\/2016\/11\/Salon_sept-iles.jpg\" class=\"sow-slider-background-image\" alt=\"\" style=\"\" srcset=\"https:\/\/maisonmallet.com\/wp-content\/uploads\/2016\/11\/Salon_sept-iles.jpg 311w, https:\/\/maisonmallet.com\/wp-content\/uploads\/2016\/11\/Salon_sept-iles-300x189.jpg 300w\" sizes=\"auto, (max-width: 311px) 100vw, 311px\" \/>\t\t<\/li>\n\t\t\t\t<li class=\"sow-slider-image\" style=\"visibility: hidden;\" >\n\t\t\t\t\t\t<img loading=\"lazy\" decoding=\"async\" width=\"311\" height=\"196\" src=\"https:\/\/maisonmallet.com\/wp-content\/uploads\/2016\/11\/Salon_Havre-st-pierre.jpg\" class=\"sow-slider-background-image\" alt=\"\" style=\"\" srcset=\"https:\/\/maisonmallet.com\/wp-content\/uploads\/2016\/11\/Salon_Havre-st-pierre.jpg 311w, https:\/\/maisonmallet.com\/wp-content\/uploads\/2016\/11\/Salon_Havre-st-pierre-300x189.jpg 300w\" sizes=\"auto, (max-width: 311px) 100vw, 311px\" \/>\t\t<\/li>\n\t\t\t\t<li class=\"sow-slider-image\" style=\"visibility: hidden;\" >\n\t\t\t\t\t\t<img loading=\"lazy\" decoding=\"async\" width=\"311\" height=\"196\" src=\"https:\/\/maisonmallet.com\/wp-content\/uploads\/2016\/11\/Salon-Port-Cartier.jpg\" class=\"sow-slider-background-image\" alt=\"\" style=\"\" srcset=\"https:\/\/maisonmallet.com\/wp-content\/uploads\/2016\/11\/Salon-Port-Cartier.jpg 311w, https:\/\/maisonmallet.com\/wp-content\/uploads\/2016\/11\/Salon-Port-Cartier-300x189.jpg 300w\" sizes=\"auto, (max-width: 311px) 100vw, 311px\" \/>\t\t<\/li>\n\t\t<\/ul>\t\t\t\t<ol class=\"sow-slider-pagination\">\n\t\t\t\t\t\t\t\t\t\t\t<li><a href=\"#\" data-goto=\"0\" aria-label=\"Display slide 1\"><\/a><\/li>\n\t\t\t\t\t\t\t\t\t\t\t<li><a href=\"#\" data-goto=\"1\" aria-label=\"Display slide 2\"><\/a><\/li>\n\t\t\t\t\t\t\t\t\t\t\t<li><a href=\"#\" data-goto=\"2\" aria-label=\"Display slide 3\"><\/a><\/li>\n\t\t\t\t\t\t\t\t\t<\/ol>\n\n\t\t\t\t<div class=\"sow-slide-nav sow-slide-nav-next\">\n\t\t\t\t\t<a href=\"#\" data-goto=\"next\" aria-label=\"Next slide\" data-action=\"next\">\n\t\t\t\t\t\t<em class=\"sow-sld-icon-thin-right\"><\/em>\n\t\t\t\t\t<\/a>\n\t\t\t\t<\/div>\n\n\t\t\t\t<div class=\"sow-slide-nav sow-slide-nav-prev\">\n\t\t\t\t\t<a href=\"#\" data-goto=\"previous\" aria-label=\"Previous slide\" data-action=\"prev\">\n\t\t\t\t\t\t<em class=\"sow-sld-icon-thin-left\"><\/em>\n\t\t\t\t\t<\/a>\n\t\t\t\t<\/div>\n\t\t\t\t<\/div><\/div><\/div><\/div><div id=\"pgc-2186-2-1\"  class=\"panel-grid-cell\" ><div id=\"panel-2186-2-1-0\" class=\"so-panel widget widget_sow-editor panel-first-child panel-last-child\" data-index=\"3\" ><div\n\t\t\t\n\t\t\tclass=\"so-widget-sow-editor so-widget-sow-editor-base\"\n\t\t\t\n\t\t>\n<div class=\"siteorigin-widget-tinymce textwidget\">\n\t<p>La Maison Mallet et fils et La Maison L.J.G. Mallet sont heureuses de vous accueillir sur leur site et de vous pr\u00e9senter leur historique, ainsi que tous les produits et services qui vous sont offerts.<\/p>\n<p>Notre souci d'offrir un service personnalis\u00e9 de qualit\u00e9 sup\u00e9rieure, a fait de notre maison une entreprise renomm\u00e9e. Depuis sa fondation en 1963, La Maison Mallet et Fils suivi de La Maison L.J.G. Mallet, ont connu une expansion fulgurante, et ce, gr\u00e2ce \u00e0 la confiance et \u00e0 l'encouragement de notre client\u00e8le.<\/p>\n<\/div>\n<\/div><\/div><\/div><\/div><div id=\"pg-2186-3\"  class=\"panel-grid panel-no-style\" ><div id=\"pgc-2186-3-0\"  class=\"panel-grid-cell\" ><div id=\"panel-2186-3-0-0\" class=\"so-panel widget widget_sow-editor panel-first-child\" data-index=\"4\" ><div class=\"panel-widget-style panel-widget-style-for-2186-3-0-0\" ><div\n\t\t\t\n\t\t\tclass=\"so-widget-sow-editor so-widget-sow-editor-base\"\n\t\t\t\n\t\t>\n<div class=\"siteorigin-widget-tinymce textwidget\">\n\t<h2>Services Actuels<\/h2>\n<\/div>\n<\/div><\/div><\/div><div id=\"panel-2186-3-0-1\" class=\"so-panel widget widget_rpwe_widget rpwe_widget recent-posts-extended\" data-index=\"5\" ><div class=\"panel-widget-style panel-widget-style-for-2186-3-0-1\" ><style>.rpwe-block ul{\nlist-style: none !important;\nmargin-left: 0 !important;\npadding-left: 0 !important;\n\n}\n\n.rpwe-block li{\nmargin-bottom: 10px;\npadding-bottom: 10px;\nlist-style-type: none;\nmargin-right:2%;\nwidth:48%;\nfloat:left;\n}\n\n.rpwe-block a{\ndisplay: inline !important;\ntext-decoration: none;\n}\n\n.rpwe-block h3{\nbackground: none !important;\nclear: none;\nmargin-bottom: 0 !important;\nmargin-top: 0 !important;\nfont-weight: 400;\n\nline-height: 1.5em;\n}\n\n.rpwe-thumb{\nborder: 1px solid #eee !important;\nbox-shadow: none !important;\nmargin: 2px 10px 2px 0;\npadding: 3px !important;\n}\n\n.rpwe-summary{\n    font-size: 13px;\n    line-height: 22px;\n}\n\n.rpwe-time{\ncolor:#8f7751;\n\n}\n\n.rpwe-comment{\ncolor: #bbb;\n\npadding-left: 5px;\n}\n\n.rpwe-alignleft{\ndisplay: inline;\nfloat: left;\n}\n\n.rpwe-alignright{\ndisplay: inline;\nfloat: right;\n}\n\n.rpwe-aligncenter{\ndisplay: block;\nmargin-left: auto;\nmargin-right: auto;\n}\n\n.rpwe-clearfix:before,\n.rpwe-clearfix:after{\ncontent: &quot;&quot;;\ndisplay: table !important;\n}\n\n.rpwe-clearfix:after{\nclear: both;\n}\n\n.rpwe-clearfix{\nzoom: 1;\n}\n.rpwe-title {\nfont-family: &#039;Open Sans&#039;, Verdana, Geneva, sans-serif;\n}<\/style><div  class=\"rpwe-block\"><ul class=\"rpwe-ul\"><li class=\"rpwe-li rpwe-clearfix\"><a class=\"rpwe-img\" href=\"https:\/\/maisonmallet.com\/?event=marceau-gino\" target=\"_self\"><img class=\"rpwe-alignleft rpwe-thumb\" src=\"https:\/\/maisonmallet.com\/wp-content\/uploads\/2026\/01\/marceau-g04071962-200x250.jpg\" alt=\"MARCEAU, Gino\" height=\"250\" width=\"200\" loading=\"lazy\" decoding=\"async\"><\/a><h3 class=\"rpwe-title\"><a href=\"https:\/\/maisonmallet.com\/?event=marceau-gino\" target=\"_self\">MARCEAU, Gino<\/a><\/h3><time class=\"rpwe-time published\" datetime=\"2026-04-14T08:46:58-04:00\">14 avril 2026<\/time><div class=\"rpwe-summary\">Le Complexe Thanatologique Mallet &#038; fils a le regret de vous annoncer le d\u00e9c\u00e8s de Gino Marceau 1962 \u2013 2026 \u00c0 Sept-\u00celes, le 13 janvier 2026, est d\u00e9c\u00e9d\u00e9 \u00e0 l\u2019\u00e2ge de 63 ans, monsieur Gino Marceau fils de madame Jeannine Lavoie et feu L\u00e9on-Philippe &hellip;<a href=\"https:\/\/maisonmallet.com\/?event=marceau-gino\" class=\"more-link\">\u00a0D\u00e9tails ...<\/a><\/div><\/li><li class=\"rpwe-li rpwe-clearfix\"><a class=\"rpwe-img\" href=\"https:\/\/maisonmallet.com\/?event=tremblay-suzette\" target=\"_self\"><img class=\"rpwe-alignleft rpwe-thumb\" src=\"https:\/\/maisonmallet.com\/wp-content\/uploads\/2026\/04\/tremblay-s15071935-200x250.jpg\" alt=\"TREMBLAY, Suzette\" height=\"250\" width=\"200\" loading=\"lazy\" decoding=\"async\"><\/a><h3 class=\"rpwe-title\"><a href=\"https:\/\/maisonmallet.com\/?event=tremblay-suzette\" target=\"_self\">TREMBLAY, Suzette<\/a><\/h3><time class=\"rpwe-time published\" datetime=\"2026-04-13T15:31:06-04:00\">13 avril 2026<\/time><div class=\"rpwe-summary\">Le Complexe Thanatologique Mallet &#038; fils a le regret de vous annoncer le d\u00e9c\u00e8s de Suzette Tremblay 1935 &#8211; 2026 \u00c0 Sept-\u00celes (maison L\u2019\u00c9lyme des sables), le 8 avril 2026, est d\u00e9c\u00e9d\u00e9e \u00e0 l\u2019\u00e2ge de 90 ans, madame Suzette Tremblay \u00e9pouse de feu Camille &hellip;<a href=\"https:\/\/maisonmallet.com\/?event=tremblay-suzette\" class=\"more-link\">\u00a0D\u00e9tails ...<\/a><\/div><\/li><li class=\"rpwe-li rpwe-clearfix\"><a class=\"rpwe-img\" href=\"https:\/\/maisonmallet.com\/?event=therrien-carole\" target=\"_self\"><img class=\"rpwe-alignleft rpwe-thumb\" src=\"https:\/\/maisonmallet.com\/wp-content\/uploads\/2026\/04\/therrien-c11021959-200x250.jpg\" alt=\"THERRIEN, Carole\" height=\"250\" width=\"200\" loading=\"lazy\" decoding=\"async\"><\/a><h3 class=\"rpwe-title\"><a href=\"https:\/\/maisonmallet.com\/?event=therrien-carole\" target=\"_self\">THERRIEN, Carole<\/a><\/h3><time class=\"rpwe-time published\" datetime=\"2026-04-13T13:37:32-04:00\">13 avril 2026<\/time><div class=\"rpwe-summary\">Le Complexe Thanatologique Mallet &#038; fils a le regret de vous annoncer le d\u00e9c\u00e8s de Carole Therrier 1959 \u2013 2026 \u00c0 Sept-\u00celes, le 7 avril 2026, est d\u00e9c\u00e9d\u00e9e \u00e0 l&rsquo;\u00e2ge de 67 ans, madame Carole Therrien conjointe de monsieur Daniel M\u00e9tivier et domicili\u00e9e \u00e0 &hellip;<a href=\"https:\/\/maisonmallet.com\/?event=therrien-carole\" class=\"more-link\">\u00a0D\u00e9tails ...<\/a><\/div><\/li><li class=\"rpwe-li rpwe-clearfix\"><a class=\"rpwe-img\" href=\"https:\/\/maisonmallet.com\/?event=paquet-jean-pierre\" target=\"_self\"><img class=\"rpwe-alignleft rpwe-thumb\" src=\"https:\/\/maisonmallet.com\/wp-content\/uploads\/2026\/04\/paquet-jp24061945-200x250.jpg\" alt=\"PAQUET, Jean-Pierre\" height=\"250\" width=\"200\" loading=\"lazy\" decoding=\"async\"><\/a><h3 class=\"rpwe-title\"><a href=\"https:\/\/maisonmallet.com\/?event=paquet-jean-pierre\" target=\"_self\">PAQUET, Jean-Pierre<\/a><\/h3><time class=\"rpwe-time published\" datetime=\"2026-04-13T13:08:01-04:00\">13 avril 2026<\/time><div class=\"rpwe-summary\">Le Complexe Thanatologique Mallet &#038; fils a le regret de vous annoncer le d\u00e9c\u00e8s de Jean-Pierre Paquet 1945 \u2013 2026 \u00c0 Port-Cartier, le 10 avril 2026, est d\u00e9c\u00e9d\u00e9 \u00e0 l\u2019\u00e2ge de 80 ans, monsieur Jean-Pierre Paquet \u00e9poux de feu Lise Ringuette et domicili\u00e9 \u00e0 &hellip;<a href=\"https:\/\/maisonmallet.com\/?event=paquet-jean-pierre\" class=\"more-link\">\u00a0D\u00e9tails ...<\/a><\/div><\/li><li class=\"rpwe-li rpwe-clearfix\"><a class=\"rpwe-img\" href=\"https:\/\/maisonmallet.com\/?event=allaire-lisette\" target=\"_self\"><img class=\"rpwe-alignleft rpwe-thumb\" src=\"https:\/\/maisonmallet.com\/wp-content\/uploads\/2026\/04\/allaire-l16051944-200x250.jpg\" alt=\"ALLAIRE, Lisette\" height=\"250\" width=\"200\" loading=\"lazy\" decoding=\"async\"><\/a><h3 class=\"rpwe-title\"><a href=\"https:\/\/maisonmallet.com\/?event=allaire-lisette\" target=\"_self\">ALLAIRE, Lisette<\/a><\/h3><time class=\"rpwe-time published\" datetime=\"2026-04-13T12:07:14-04:00\">13 avril 2026<\/time><div class=\"rpwe-summary\">Le Complexe Thanatologique Mallet &#038; fils a le regret de vous annoncer le d\u00e9c\u00e8s de Lisette Allaire 1944 \u2013 2026 \u00c0 Sept-\u00celes (maison l\u2019\u00c9lyme des sables), le 23 mars 2026, est d\u00e9c\u00e9d\u00e9e \u00e0 l\u2019\u00e2ge de 81 ans, madame Lisette Allaire \u00e9pouse de feu Blackie &hellip;<a href=\"https:\/\/maisonmallet.com\/?event=allaire-lisette\" class=\"more-link\">\u00a0D\u00e9tails ...<\/a><\/div><\/li><li class=\"rpwe-li rpwe-clearfix\"><a class=\"rpwe-img\" href=\"https:\/\/maisonmallet.com\/?event=fontaine-jean-sylvestre-nishto\" target=\"_self\"><img class=\"rpwe-alignleft rpwe-thumb\" src=\"https:\/\/maisonmallet.com\/wp-content\/uploads\/2026\/04\/fontaine-js28031977-200x250.jpg\" alt=\"FONTAINE, Jean-Sylvestre (Nishto)\" height=\"250\" width=\"200\" loading=\"lazy\" decoding=\"async\"><\/a><h3 class=\"rpwe-title\"><a href=\"https:\/\/maisonmallet.com\/?event=fontaine-jean-sylvestre-nishto\" target=\"_self\">FONTAINE, Jean-Sylvestre (Nishto)<\/a><\/h3><time class=\"rpwe-time published\" datetime=\"2026-04-11T15:09:50-04:00\">11 avril 2026<\/time><div class=\"rpwe-summary\">Le Complexe Thanatologique Mallet &#038; fils a le regret de vous annoncer le d\u00e9c\u00e8s de Jean-Sylvestre (Nishto) Fontaine 1977 \u2013 2026 \u00c0 Las Vegas, le 27 f\u00e9vrier 2026, est d\u00e9c\u00e9d\u00e9 \u00e0 l\u2019\u00e2ge de 48 ans, monsieur Jean-Sylvestre (Nishto) Fontaine fils de feu Mathias Fontaine &hellip;<a href=\"https:\/\/maisonmallet.com\/?event=fontaine-jean-sylvestre-nishto\" class=\"more-link\">\u00a0D\u00e9tails ...<\/a><\/div><\/li><\/ul><\/div><!-- Generated by http:\/\/wordpress.org\/plugins\/recent-posts-widget-extended\/ --><\/div><\/div><div id=\"panel-2186-3-0-2\" class=\"so-panel widget widget_sow-editor panel-last-child\" data-index=\"6\" ><div class=\"panel-widget-style panel-widget-style-for-2186-3-0-2\" ><div\n\t\t\t\n\t\t\tclass=\"so-widget-sow-editor so-widget-sow-editor-base\"\n\t\t\t\n\t\t>\n<div class=\"siteorigin-widget-tinymce textwidget\">\n\t<h2>Vid\u00e9os de la Campagne de la Corporation des thanatologues du Qu\u00e9bec<\/h2>\n<\/div>\n<\/div><\/div><\/div><\/div><\/div><div id=\"pg-2186-4\"  class=\"panel-grid panel-no-style\" ><div id=\"pgc-2186-4-0\"  class=\"panel-grid-cell\" ><div id=\"panel-2186-4-0-0\" class=\"so-panel widget widget_sow-video panel-first-child\" data-index=\"7\" ><div\n\t\t\t\n\t\t\tclass=\"so-widget-sow-video so-widget-sow-video-default-c08170c47cfb-72603\"\n\t\t\t\n\t\t>\n<div class=\"sow-video-wrapper\n\">\n\t\t\t<iframe loading=\"lazy\" title=\"Jour 1 : Merci maman - Corporation des Thanatologues du Qu\u00e9bec\" width=\"640\" height=\"360\" src=\"https:\/\/www.youtube.com\/embed\/LtGHusVqXVU?feature=oembed&enablejsapi=1\" frameborder=\"0\" allow=\"accelerometer; autoplay; clipboard-write; encrypted-media; gyroscope; picture-in-picture; web-share\" referrerpolicy=\"strict-origin-when-cross-origin\" allowfullscreen allowfullscreen mozallowfullscreen webkitallowfullscreen><\/iframe>\t<\/div>\n<\/div><\/div><div id=\"panel-2186-4-0-1\" class=\"so-panel widget widget_sow-video panel-last-child\" data-index=\"8\" ><div\n\t\t\t\n\t\t\tclass=\"so-widget-sow-video so-widget-sow-video-default-c08170c47cfb-72603\"\n\t\t\t\n\t\t>\n<div class=\"sow-video-wrapper\n\">\n\t\t\t<iframe loading=\"lazy\" title=\"Jour 4 : Grand-papa - Corporation des Thanatologues du Qu\u00e9bec\" width=\"640\" height=\"360\" src=\"https:\/\/www.youtube.com\/embed\/4BiQkkXuBbE?feature=oembed&enablejsapi=1\" frameborder=\"0\" allow=\"accelerometer; autoplay; clipboard-write; encrypted-media; gyroscope; picture-in-picture; web-share\" referrerpolicy=\"strict-origin-when-cross-origin\" allowfullscreen allowfullscreen mozallowfullscreen webkitallowfullscreen><\/iframe>\t<\/div>\n<\/div><\/div><\/div><div id=\"pgc-2186-4-1\"  class=\"panel-grid-cell\" ><div id=\"panel-2186-4-1-0\" class=\"so-panel widget widget_sow-video panel-first-child\" data-index=\"9\" ><div\n\t\t\t\n\t\t\tclass=\"so-widget-sow-video so-widget-sow-video-default-c08170c47cfb-72603\"\n\t\t\t\n\t\t>\n<div class=\"sow-video-wrapper\n\">\n\t\t\t<iframe loading=\"lazy\" title=\"Jour 3 : Aux petits soins - Corporation des Thanatologues du Qu\u00e9bec\" width=\"640\" height=\"360\" src=\"https:\/\/www.youtube.com\/embed\/uu4zbGcSo70?feature=oembed&enablejsapi=1\" frameborder=\"0\" allow=\"accelerometer; autoplay; clipboard-write; encrypted-media; gyroscope; picture-in-picture; web-share\" referrerpolicy=\"strict-origin-when-cross-origin\" allowfullscreen allowfullscreen mozallowfullscreen webkitallowfullscreen><\/iframe>\t<\/div>\n<\/div><\/div><div id=\"panel-2186-4-1-1\" class=\"so-panel widget widget_sow-video panel-last-child\" data-index=\"10\" ><div\n\t\t\t\n\t\t\tclass=\"so-widget-sow-video so-widget-sow-video-default-c08170c47cfb-72603\"\n\t\t\t\n\t\t>\n<div class=\"sow-video-wrapper\n\">\n\t\t\t<iframe loading=\"lazy\" title=\"Jour 5 : L&#039;he\u0301ritage - Corporation des Thanatologues du Qu\u00e9bec\" width=\"640\" height=\"360\" src=\"https:\/\/www.youtube.com\/embed\/S14k_5Rzsgk?feature=oembed&enablejsapi=1\" frameborder=\"0\" allow=\"accelerometer; autoplay; clipboard-write; encrypted-media; gyroscope; picture-in-picture; web-share\" referrerpolicy=\"strict-origin-when-cross-origin\" allowfullscreen allowfullscreen mozallowfullscreen webkitallowfullscreen><\/iframe>\t<\/div>\n<\/div><\/div><\/div><\/div><\/div>","protected":false},"excerpt":{"rendered":"<p>Une famille \u00e0 l&rsquo;\u00e9coute des familles depuis plus de 55 ans La Maison Mallet et fils et La Maison L.J.G. Mallet sont heureuses de vous accueillir sur leur site et de vous pr\u00e9senter leur historique, ainsi que tous les produits et services qui vous sont offerts. Notre souci d&rsquo;offrir un service personnalis\u00e9 de qualit\u00e9 sup\u00e9rieure, a fait de notre maison une entreprise renomm\u00e9e. Depuis sa fondation en 1963, La Maison Mallet et Fils suivi de La Maison L.J.G. Mallet, ont connu une expansion fulgurante, et ce, gr\u00e2ce \u00e0 la confiance et \u00e0 l&rsquo;encouragement de notre client\u00e8le. Services Actuels Vid\u00e9os de [&hellip;]<\/p>\n","protected":false},"author":1,"featured_media":0,"parent":0,"menu_order":0,"comment_status":"closed","ping_status":"closed","template":"fullwidth-page.php","meta":{"footnotes":""},"class_list":["post-2186","page","type-page","status-publish","hentry"],"jetpack_sharing_enabled":true,"jetpack_shortlink":"https:\/\/wp.me\/P83m3r-zg","_links":{"self":[{"href":"https:\/\/maisonmallet.com\/index.php?rest_route=\/wp\/v2\/pages\/2186","targetHints":{"allow":["GET"]}}],"collection":[{"href":"https:\/\/maisonmallet.com\/index.php?rest_route=\/wp\/v2\/pages"}],"about":[{"href":"https:\/\/maisonmallet.com\/index.php?rest_route=\/wp\/v2\/types\/page"}],"author":[{"embeddable":true,"href":"https:\/\/maisonmallet.com\/index.php?rest_route=\/wp\/v2\/users\/1"}],"replies":[{"embeddable":true,"href":"https:\/\/maisonmallet.com\/index.php?rest_route=%2Fwp%2Fv2%2Fcomments&post=2186"}],"version-history":[{"count":44,"href":"https:\/\/maisonmallet.com\/index.php?rest_route=\/wp\/v2\/pages\/2186\/revisions"}],"predecessor-version":[{"id":67690,"href":"https:\/\/maisonmallet.com\/index.php?rest_route=\/wp\/v2\/pages\/2186\/revisions\/67690"}],"wp:attachment":[{"href":"https:\/\/maisonmallet.com\/index.php?rest_route=%2Fwp%2Fv2%2Fmedia&parent=2186"}],"curies":[{"name":"wp","href":"https:\/\/api.w.org\/{rel}","templated":true}]}}