{"id":67561,"date":"2025-08-26T13:54:08","date_gmt":"2025-08-26T17:54:08","guid":{"rendered":"https:\/\/maisonmallet.com\/?page_id=67561"},"modified":"2025-08-26T13:54:08","modified_gmt":"2025-08-26T17:54:08","slug":"columbarium-2","status":"publish","type":"page","link":"https:\/\/maisonmallet.com\/?page_id=67561","title":{"rendered":"Columbarium"},"content":{"rendered":"<div id=\"pl-67561\"  class=\"panel-layout\" ><div id=\"pg-67561-0\"  class=\"panel-grid panel-no-style\" ><div id=\"pgc-67561-0-0\"  class=\"panel-grid-cell\" ><div class=\"panel-cell-style panel-cell-style-for-67561-0-0\" ><div id=\"panel-67561-0-0-0\" class=\"so-panel widget widget_sow-editor panel-first-child panel-last-child\" data-index=\"0\" ><div\n\t\t\t\n\t\t\tclass=\"so-widget-sow-editor so-widget-sow-editor-base\"\n\t\t\t\n\t\t>\n<div class=\"siteorigin-widget-tinymce textwidget\">\n\t<p><img loading=\"lazy\" decoding=\"async\" class=\"alignnone size-medium wp-image-1776\" src=\"https:\/\/maisonmallet.com\/wp-content\/uploads\/2016\/10\/car6-1100x250.jpg\" alt=\"car3\" width=\"1100\" height=\"250\"\/><\/p>\n<\/div>\n<\/div><\/div><\/div><\/div><\/div><div id=\"pg-67561-1\"  class=\"panel-grid panel-no-style\" ><div id=\"pgc-67561-1-0\"  class=\"panel-grid-cell\" ><div class=\"panel-cell-style panel-cell-style-for-67561-1-0\" ><div id=\"panel-67561-1-0-0\" class=\"so-panel widget widget_sow-editor panel-first-child panel-last-child\" data-index=\"1\" ><div\n\t\t\t\n\t\t\tclass=\"so-widget-sow-editor so-widget-sow-editor-base\"\n\t\t\t\n\t\t>\n<div class=\"siteorigin-widget-tinymce textwidget\">\n\t<p>Le mot columbarium vient du mot latin \"columba\" qui veut dire \"colombe\".\u00a0\u00a0Nous d\u00e9signons columbarium ainsi, car les colombes poss\u00e8dent une zone d'habitation o\u00f9 elles font leurs nids.\u00a0\u00a0Par cons\u00e9quent, c'est un arrangement ordonn\u00e9 de niches con\u00e7ues pour recevoir diff\u00e9rentes urnes.\u00a0\u00a0Ces niches peuvent \u00eatre \u00e0 l'int\u00e9rieur o\u00f9 \u00e0 l'ext\u00e9rieur et elles sont prot\u00e9g\u00e9es par une vitre d\u00e9corative laissant l'urne \u00e0 l'int\u00e9rieur.<\/p>\n<p><em><strong>La Maison Mallet et Fils<\/strong> <\/em>poss\u00e8de son propre columbarium int\u00e9rieur.\u00a0 Une premi\u00e8re sur la C\u00f4te-Nord.<\/p>\n<p>Le columbarium est :<\/p>\n<ul class=\"disc-bullet-points-list\">\n<li>ouvert tous les jours;<\/li>\n<li>en tout confort, \u00e0 longueur d'ann\u00e9e;<\/li>\n<li>accessible \u00e0 tous ceux poss\u00e9dant des niches;<\/li>\n<li>s\u00e9curitaire.<\/li>\n<\/ul>\n<\/div>\n<\/div><\/div><\/div><\/div><div id=\"pgc-67561-1-1\"  class=\"panel-grid-cell\" ><div class=\"panel-cell-style panel-cell-style-for-67561-1-1\" ><div id=\"panel-67561-1-1-0\" class=\"so-panel widget widget_sow-image panel-first-child\" data-index=\"2\" ><div class=\"panel-widget-style panel-widget-style-for-67561-1-1-0\" ><div\n\t\t\t\n\t\t\tclass=\"so-widget-sow-image so-widget-sow-image-default-8b5b6f678277-67561\"\n\t\t\t\n\t\t>\n<div class=\"sow-image-container\">\n\t\t<img \n\tsrc=\"https:\/\/maisonmallet.com\/wp-content\/uploads\/2016\/10\/MM_Comlumbarium2.jpg\" title=\"Columbarium\" alt=\"\" \t\tclass=\"so-widget-image\"\/>\n\t<\/div>\n\n<\/div><\/div><\/div><div id=\"panel-67561-1-1-1\" class=\"so-panel widget widget_sow-image panel-last-child\" data-index=\"3\" ><div class=\"panel-widget-style panel-widget-style-for-67561-1-1-1\" ><div\n\t\t\t\n\t\t\tclass=\"so-widget-sow-image so-widget-sow-image-default-8b5b6f678277-67561\"\n\t\t\t\n\t\t>\n<div class=\"sow-image-container\">\n\t\t<img \n\tsrc=\"https:\/\/maisonmallet.com\/wp-content\/uploads\/2016\/10\/MM_comlumbarium2_salon1.jpg\" title=\"Columbarium\" alt=\"\" \t\tclass=\"so-widget-image\"\/>\n\t<\/div>\n\n<\/div><\/div><\/div><\/div><\/div><\/div><div id=\"pg-67561-2\"  class=\"panel-grid panel-no-style\" ><div id=\"pgc-67561-2-0\"  class=\"panel-grid-cell\" ><div id=\"panel-67561-2-0-0\" class=\"so-panel widget widget_sow-editor panel-first-child panel-last-child\" data-index=\"4\" ><div\n\t\t\t\n\t\t\tclass=\"so-widget-sow-editor so-widget-sow-editor-base\"\n\t\t\t\n\t\t>\n<div class=\"siteorigin-widget-tinymce textwidget\">\n\t<style>\n.disc-bullet-points-list {\n  list-style-type: disc;\n  padding-left: 40px;\n  margin: revert;\n}\n.disc-bullet-points-list::marker {\n  all: revert;\n}\n.disc-bullet-points-list > li {\n list-style-type: disc;\n border: unset;\nmargin: 0;\npadding: 0;\n}\n<\/style>\n<\/div>\n<\/div><\/div><\/div><\/div><\/div>","protected":false},"excerpt":{"rendered":"<p>Le mot columbarium vient du mot latin \u00ab\u00a0columba\u00a0\u00bb qui veut dire \u00ab\u00a0colombe\u00a0\u00bb.\u00a0\u00a0Nous d\u00e9signons columbarium ainsi, car les colombes poss\u00e8dent une zone d&rsquo;habitation o\u00f9 elles font leurs nids.\u00a0\u00a0Par cons\u00e9quent, c&rsquo;est un arrangement ordonn\u00e9 de niches con\u00e7ues pour recevoir diff\u00e9rentes urnes.\u00a0\u00a0Ces niches peuvent \u00eatre \u00e0 l&rsquo;int\u00e9rieur o\u00f9 \u00e0 l&rsquo;ext\u00e9rieur et elles sont prot\u00e9g\u00e9es par une vitre d\u00e9corative laissant l&rsquo;urne \u00e0 l&rsquo;int\u00e9rieur. La Maison Mallet et Fils poss\u00e8de son propre columbarium int\u00e9rieur.\u00a0 Une premi\u00e8re sur la C\u00f4te-Nord. Le columbarium est : ouvert tous les jours; en tout confort, \u00e0 longueur d&rsquo;ann\u00e9e; accessible \u00e0 tous ceux poss\u00e9dant des niches; s\u00e9curitaire.<\/p>\n","protected":false},"author":5,"featured_media":0,"parent":0,"menu_order":0,"comment_status":"closed","ping_status":"closed","template":"","meta":{"footnotes":""},"class_list":["post-67561","page","type-page","status-publish","hentry"],"jetpack_sharing_enabled":true,"jetpack_shortlink":"https:\/\/wp.me\/P83m3r-hzH","_links":{"self":[{"href":"https:\/\/maisonmallet.com\/index.php?rest_route=\/wp\/v2\/pages\/67561","targetHints":{"allow":["GET"]}}],"collection":[{"href":"https:\/\/maisonmallet.com\/index.php?rest_route=\/wp\/v2\/pages"}],"about":[{"href":"https:\/\/maisonmallet.com\/index.php?rest_route=\/wp\/v2\/types\/page"}],"author":[{"embeddable":true,"href":"https:\/\/maisonmallet.com\/index.php?rest_route=\/wp\/v2\/users\/5"}],"replies":[{"embeddable":true,"href":"https:\/\/maisonmallet.com\/index.php?rest_route=%2Fwp%2Fv2%2Fcomments&post=67561"}],"version-history":[{"count":18,"href":"https:\/\/maisonmallet.com\/index.php?rest_route=\/wp\/v2\/pages\/67561\/revisions"}],"predecessor-version":[{"id":67579,"href":"https:\/\/maisonmallet.com\/index.php?rest_route=\/wp\/v2\/pages\/67561\/revisions\/67579"}],"wp:attachment":[{"href":"https:\/\/maisonmallet.com\/index.php?rest_route=%2Fwp%2Fv2%2Fmedia&parent=67561"}],"curies":[{"name":"wp","href":"https:\/\/api.w.org\/{rel}","templated":true}]}}