{"id":67612,"date":"2025-08-26T13:54:16","date_gmt":"2025-08-26T17:54:16","guid":{"rendered":"https:\/\/maisonmallet.com\/?page_id=67612"},"modified":"2025-08-26T13:54:16","modified_gmt":"2025-08-26T17:54:16","slug":"infrastructure-2","status":"publish","type":"page","link":"https:\/\/maisonmallet.com\/?page_id=67612","title":{"rendered":"Infrastructure"},"content":{"rendered":"<div id=\"pl-67612\"  class=\"panel-layout\" ><div id=\"pg-67612-0\"  class=\"panel-grid panel-no-style\" ><div id=\"pgc-67612-0-0\"  class=\"panel-grid-cell\" ><div class=\"panel-cell-style panel-cell-style-for-67612-0-0\" ><div id=\"panel-67612-0-0-0\" class=\"so-panel widget widget_sow-editor panel-first-child panel-last-child\" data-index=\"0\" ><div class=\"panel-widget-style panel-widget-style-for-67612-0-0-0\" ><div\n\t\t\t\n\t\t\tclass=\"so-widget-sow-editor so-widget-sow-editor-base\"\n\t\t\t\n\t\t>\n<div class=\"siteorigin-widget-tinymce textwidget\">\n\t<p><img loading=\"lazy\" decoding=\"async\" class=\"alignnone size-medium wp-image-1776\" src=\"https:\/\/maisonmallet.com\/wp-content\/uploads\/2016\/10\/car1-1100x250.jpg\" alt=\"car3\" width=\"1100\" height=\"250\" \/><\/p>\n<\/div>\n<\/div><\/div><\/div><\/div><\/div><\/div><div id=\"pg-67612-1\"  class=\"panel-grid panel-has-style\" ><div class=\"panel-row-style panel-row-style-for-67612-1\" ><div id=\"pgc-67612-1-0\"  class=\"panel-grid-cell\" ><div class=\"panel-cell-style panel-cell-style-for-67612-1-0\" ><div id=\"panel-67612-1-0-0\" class=\"so-panel widget widget_sow-editor panel-first-child\" data-index=\"1\" ><div class=\"panel-widget-style panel-widget-style-for-67612-1-0-0\" ><div\n\t\t\t\n\t\t\tclass=\"so-widget-sow-editor so-widget-sow-editor-base\"\n\t\t\t\n\t\t>\n<div class=\"siteorigin-widget-tinymce textwidget\">\n\t<p><img loading=\"lazy\" decoding=\"async\" src=\"https:\/\/maisonmallet.com\/wp-content\/uploads\/2016\/11\/Salon_sept-iles.jpg\" alt=\"car3\" width=\"311\" height=\"196\" \/><\/p>\n<\/div>\n<\/div><\/div><\/div><div id=\"panel-67612-1-0-1\" class=\"so-panel widget widget_sow-editor panel-last-child\" data-index=\"2\" ><div\n\t\t\t\n\t\t\tclass=\"so-widget-sow-editor so-widget-sow-editor-base\"\n\t\t\t\n\t\t>\n<div class=\"siteorigin-widget-tinymce textwidget\">\n\t<h2>Sept-\u00celes<\/h2>\n<ul class=\"disc-bullet-points-list\">\n<li>2 salles d'exposition<\/li>\n<li>1 salle \u00e0 caf\u00e9 avec aire de d\u00e9tente<\/li>\n<li>1 columbarium<\/li>\n<\/ul>\n<\/div>\n<\/div><\/div><\/div><\/div><div id=\"pgc-67612-1-1\"  class=\"panel-grid-cell\" ><div class=\"panel-cell-style panel-cell-style-for-67612-1-1\" ><div id=\"panel-67612-1-1-0\" class=\"so-panel widget widget_sow-editor panel-first-child\" data-index=\"3\" ><div class=\"panel-widget-style panel-widget-style-for-67612-1-1-0\" ><div\n\t\t\t\n\t\t\tclass=\"so-widget-sow-editor so-widget-sow-editor-base\"\n\t\t\t\n\t\t>\n<div class=\"siteorigin-widget-tinymce textwidget\">\n\t<p><img loading=\"lazy\" decoding=\"async\" src=\"https:\/\/maisonmallet.com\/wp-content\/uploads\/2016\/11\/Salon-Port-Cartier.jpg\" alt=\"car3\" width=\"311\" height=\"196\" \/><\/p>\n<\/div>\n<\/div><\/div><\/div><div id=\"panel-67612-1-1-1\" class=\"so-panel widget widget_sow-editor panel-last-child\" data-index=\"4\" ><div\n\t\t\t\n\t\t\tclass=\"so-widget-sow-editor so-widget-sow-editor-base\"\n\t\t\t\n\t\t>\n<div class=\"siteorigin-widget-tinymce textwidget\">\n\t<h2>Port-Cartier<\/h2>\n<ul class=\"disc-bullet-points-list\">\n<li>2 salles d'expositions<\/li>\n<li>1 salle \u00e0 caf\u00e9 avec aire de d\u00e9tente<\/li>\n<\/ul>\n<\/div>\n<\/div><\/div><\/div><\/div><div id=\"pgc-67612-1-2\"  class=\"panel-grid-cell\" ><div class=\"panel-cell-style panel-cell-style-for-67612-1-2\" ><div id=\"panel-67612-1-2-0\" class=\"so-panel widget widget_sow-editor panel-first-child\" data-index=\"5\" ><div class=\"panel-widget-style panel-widget-style-for-67612-1-2-0\" ><div\n\t\t\t\n\t\t\tclass=\"so-widget-sow-editor so-widget-sow-editor-base\"\n\t\t\t\n\t\t>\n<div class=\"siteorigin-widget-tinymce textwidget\">\n\t<p><img loading=\"lazy\" decoding=\"async\" src=\"https:\/\/maisonmallet.com\/wp-content\/uploads\/2016\/11\/Salon_Havre-st-pierre.jpg\" alt=\"car3\" width=\"311\" height=\"196\" \/><\/p>\n<\/div>\n<\/div><\/div><\/div><div id=\"panel-67612-1-2-1\" class=\"so-panel widget widget_sow-editor panel-last-child\" data-index=\"6\" ><div\n\t\t\t\n\t\t\tclass=\"so-widget-sow-editor so-widget-sow-editor-base\"\n\t\t\t\n\t\t>\n<div class=\"siteorigin-widget-tinymce textwidget\">\n\t<h2>Havre-St-Pierre<\/h2>\n<ul class=\"disc-bullet-points-list\">\n<li>1 salle \u00e0 caf\u00e9 avec aire de d\u00e9tente<\/li>\n<li>2 salles d'exposition<\/li>\n<\/ul>\n<\/div>\n<\/div><\/div><\/div><\/div><\/div><\/div><div id=\"pg-67612-2\"  class=\"panel-grid panel-no-style\" ><div id=\"pgc-67612-2-0\"  class=\"panel-grid-cell\" ><div class=\"panel-cell-style panel-cell-style-for-67612-2-0\" ><div id=\"panel-67612-2-0-0\" class=\"so-panel widget widget_sow-editor panel-first-child panel-last-child\" data-index=\"7\" ><div\n\t\t\t\n\t\t\tclass=\"so-widget-sow-editor so-widget-sow-editor-base\"\n\t\t\t\n\t\t>\n<div class=\"siteorigin-widget-tinymce textwidget\">\n\t<p><img loading=\"lazy\" decoding=\"async\" src=\"https:\/\/maisonmallet.com\/wp-content\/uploads\/2016\/10\/MM_salon2.jpg\" alt=\"car3\" width=\"250\" height=\"183\" \/><br \/>\n<img loading=\"lazy\" decoding=\"async\" src=\"https:\/\/maisonmallet.com\/wp-content\/uploads\/2016\/10\/MM_salon3.jpg\" alt=\"car3\" width=\"250\" height=\"183\" \/><br \/>\n<img loading=\"lazy\" decoding=\"async\" src=\"https:\/\/maisonmallet.com\/wp-content\/uploads\/2016\/10\/MM_salle.jpg\" alt=\"car3\" width=\"325\" height=\"217\" \/><\/p>\n<\/div>\n<\/div><\/div><\/div><\/div><div id=\"pgc-67612-2-1\"  class=\"panel-grid-cell\" ><div id=\"panel-67612-2-1-0\" class=\"so-panel widget widget_sow-editor panel-first-child panel-last-child\" data-index=\"8\" ><div\n\t\t\t\n\t\t\tclass=\"so-widget-sow-editor so-widget-sow-editor-base\"\n\t\t\t\n\t\t>\n<div class=\"siteorigin-widget-tinymce textwidget\">\n\t<p><img loading=\"lazy\" decoding=\"async\" width=\"250\" height=\"158\" src=\"https:\/\/maisonmallet.com\/wp-content\/uploads\/2016\/10\/PC_Salon1.jpg\" alt=\"car3\" width=\"1100\" height=\"250\" \/><br \/>\n<img loading=\"lazy\" decoding=\"async\" width=\"194\" height=\"265\" src=\"https:\/\/maisonmallet.com\/wp-content\/uploads\/2016\/10\/PC_salon2.jpg\" alt=\"car3\" width=\"1100\" height=\"250\" \/><br \/>\n<img loading=\"lazy\" decoding=\"async\" width=\"250\" height=\"183\" src=\"https:\/\/maisonmallet.com\/wp-content\/uploads\/2016\/10\/PC_salon3.jpg\" alt=\"car3\" width=\"1100\" height=\"250\" \/><\/p>\n<\/div>\n<\/div><\/div><\/div><div id=\"pgc-67612-2-2\"  class=\"panel-grid-cell\" ><div id=\"panel-67612-2-2-0\" class=\"so-panel widget widget_sow-editor panel-first-child panel-last-child\" data-index=\"9\" ><div\n\t\t\t\n\t\t\tclass=\"so-widget-sow-editor so-widget-sow-editor-base\"\n\t\t\t\n\t\t>\n<div class=\"siteorigin-widget-tinymce textwidget\">\n\t<p><img loading=\"lazy\" decoding=\"async\" width=\"650\" height=\"530\" src=\"https:\/\/maisonmallet.com\/wp-content\/uploads\/2016\/10\/Salon_032_650px.jpg\" alt=\"car3\" width=\"1100\" height=\"250\" \/><br \/>\n<img loading=\"lazy\" decoding=\"async\" width=\"650\" height=\"467\" src=\"https:\/\/maisonmallet.com\/wp-content\/uploads\/2016\/10\/Salon_030_650px.jpg\" alt=\"car3\" width=\"1100\" height=\"250\" \/><br \/>\n<img loading=\"lazy\" decoding=\"async\" width=\"250\" height=\"184\" src=\"https:\/\/maisonmallet.com\/wp-content\/uploads\/2016\/10\/Salon3_005_250px.jpg\" alt=\"car3\" width=\"1100\" height=\"250\" \/><\/p>\n<\/div>\n<\/div><\/div><\/div><\/div><div id=\"pg-67612-3\"  class=\"panel-grid panel-no-style\" ><div id=\"pgc-67612-3-0\"  class=\"panel-grid-cell\" ><div id=\"panel-67612-3-0-0\" class=\"so-panel widget widget_sow-editor panel-first-child panel-last-child\" data-index=\"10\" ><div\n\t\t\t\n\t\t\tclass=\"so-widget-sow-editor so-widget-sow-editor-base\"\n\t\t\t\n\t\t>\n<div class=\"siteorigin-widget-tinymce textwidget\">\n\t<style>\n  .disc-bullet-points-list { list-style-type: disc;  padding-left: 40px;  margin: revert;}\n  .disc-bullet-points-list::marker { all: revert;}\n  .disc-bullet-points-list > li {list-style-type: disc; border: unset;margin: 0;padding: 0;}\n<\/style>\n<\/div>\n<\/div><\/div><\/div><\/div><\/div>","protected":false},"excerpt":{"rendered":"<p>Sept-\u00celes 2 salles d&rsquo;exposition 1 salle \u00e0 caf\u00e9 avec aire de d\u00e9tente 1 columbarium Port-Cartier 2 salles d&rsquo;expositions 1 salle \u00e0 caf\u00e9 avec aire de d\u00e9tente Havre-St-Pierre 1 salle \u00e0 caf\u00e9 avec aire de d\u00e9tente 2 salles d&rsquo;exposition<\/p>\n","protected":false},"author":5,"featured_media":0,"parent":0,"menu_order":0,"comment_status":"closed","ping_status":"closed","template":"","meta":{"footnotes":""},"class_list":["post-67612","page","type-page","status-publish","hentry"],"jetpack_sharing_enabled":true,"jetpack_shortlink":"https:\/\/wp.me\/P83m3r-hAw","_links":{"self":[{"href":"https:\/\/maisonmallet.com\/index.php?rest_route=\/wp\/v2\/pages\/67612","targetHints":{"allow":["GET"]}}],"collection":[{"href":"https:\/\/maisonmallet.com\/index.php?rest_route=\/wp\/v2\/pages"}],"about":[{"href":"https:\/\/maisonmallet.com\/index.php?rest_route=\/wp\/v2\/types\/page"}],"author":[{"embeddable":true,"href":"https:\/\/maisonmallet.com\/index.php?rest_route=\/wp\/v2\/users\/5"}],"replies":[{"embeddable":true,"href":"https:\/\/maisonmallet.com\/index.php?rest_route=%2Fwp%2Fv2%2Fcomments&post=67612"}],"version-history":[{"count":31,"href":"https:\/\/maisonmallet.com\/index.php?rest_route=\/wp\/v2\/pages\/67612\/revisions"}],"predecessor-version":[{"id":67644,"href":"https:\/\/maisonmallet.com\/index.php?rest_route=\/wp\/v2\/pages\/67612\/revisions\/67644"}],"wp:attachment":[{"href":"https:\/\/maisonmallet.com\/index.php?rest_route=%2Fwp%2Fv2%2Fmedia&parent=67612"}],"curies":[{"name":"wp","href":"https:\/\/api.w.org\/{rel}","templated":true}]}}