{"id":67645,"date":"2025-08-26T13:54:17","date_gmt":"2025-08-26T17:54:17","guid":{"rendered":"https:\/\/maisonmallet.com\/?page_id=67645"},"modified":"2025-08-26T13:54:17","modified_gmt":"2025-08-26T17:54:17","slug":"pre-arrangements-2","status":"publish","type":"page","link":"https:\/\/maisonmallet.com\/?page_id=67645","title":{"rendered":"Pr\u00e9-arrangements"},"content":{"rendered":"<div id=\"pl-67645\"  class=\"panel-layout\" ><div id=\"pg-67645-0\"  class=\"panel-grid panel-no-style\" ><div id=\"pgc-67645-0-0\"  class=\"panel-grid-cell\" ><div class=\"panel-cell-style panel-cell-style-for-67645-0-0\" ><div id=\"panel-67645-0-0-0\" class=\"so-panel widget widget_sow-editor panel-first-child\" data-index=\"0\" ><div class=\"panel-widget-style panel-widget-style-for-67645-0-0-0\" ><div\n\t\t\t\n\t\t\tclass=\"so-widget-sow-editor so-widget-sow-editor-base\"\n\t\t\t\n\t\t>\n<div class=\"siteorigin-widget-tinymce textwidget\">\n\t<p><img loading=\"lazy\" decoding=\"async\" src=\"https:\/\/maisonmallet.com\/wp-content\/uploads\/2016\/10\/car4-1100x250.jpg\" alt=\"car3\" width=\"1100\" height=\"250\" \/><\/p>\n<\/div>\n<\/div><\/div><\/div><div id=\"panel-67645-0-0-1\" class=\"so-panel widget widget_sow-editor panel-last-child\" data-index=\"1\" ><div\n\t\t\t\n\t\t\tclass=\"so-widget-sow-editor so-widget-sow-editor-base\"\n\t\t\t\n\t\t>\n<div class=\"siteorigin-widget-tinymce textwidget\">\n\t<h2 align=\"left\">Les arrangements pr\u00e9alables ou pr\u00e9-arrangements<\/h2>\n<p align=\"left\">Faire ses pr\u00e9-arrangements, c'est un geste d'amour.<\/p>\n<p align=\"left\">Une fois ses pr\u00e9-arrangements r\u00e9gl\u00e9s, \u00e7a nous permet de penser \u00e0 autre chose, \u00e0 ceux que nous aimons.<\/p>\n<p align=\"left\"><strong>Les avantages de faire ses pr\u00e9-arrangements :<\/strong><\/p>\n<ul class=\"disc-bullet-points-list\">\n<li>\n<div align=\"left\"><strong>Gel des prix :<br \/>\n<\/strong>Les services retenus sont rendus au prix en vigueur lors de la signature du contrat. Vous vous mettez \u00e0 l'abri de l'inflation et de toutes hausses \u00e9ventuelles.<\/div>\n<\/li>\n<li>\n<div align=\"left\"><strong>Les \u00e9conomies :<\/strong><br \/>\nNotre politique a toujours \u00e9t\u00e9 d'offrir les meilleurs prix. En optant pour les pr\u00e9-arrangements, vous \u00e9conomiserez encore plus.<\/div>\n<\/li>\n<li>\n<div align=\"left\"><strong>Paiement sans int\u00e9r\u00eat :<\/strong><br \/>\nLes paiements peuvent \u00eatre \u00e9chelonn\u00e9s sans frais d'administration, ni int\u00e9r\u00eat. Une fois ces sommes pay\u00e9es, vous recevrez du Trust g\u00e9n\u00e9ral du canada une confirmation de paiement.<\/div>\n<\/li>\n<li>\n<div align=\"left\"><strong>Remboursement \u00e0 100% :<\/strong><br \/>\nVous \u00eates toujours libre de changer d'id\u00e9e. En cas d'annulation, les sommes vers\u00e9es sont rembours\u00e9es en totalit\u00e9 selon l'entente.<\/div>\n<\/li>\n<li>\n<div align=\"left\"><strong>Modification :<br \/>\n<\/strong>Votre pr\u00e9-arrangement peut se modifier pour l'adapter au changement de vos volont\u00e9s.<\/div>\n<\/li>\n<\/ul>\n<p align=\"left\"><strong>Faire ses pr\u00e9-arrangements, c'est faire un choix r\u00e9fl\u00e9chi de ses fun\u00e9railles.<\/strong><\/p>\n<p><em><strong>La Maison Mallet et Fils<\/strong> <\/em>et <em><strong>La Maison L.J.G. Mallet<\/strong> <\/em>sauront vous accueillir dans la dignit\u00e9 et le respect pour vous conseiller et vous guider dans vos volont\u00e9s.<\/p>\n<\/div>\n<\/div><\/div><\/div><\/div><\/div><div id=\"pg-67645-1\"  class=\"panel-grid panel-no-style\" ><div id=\"pgc-67645-1-0\"  class=\"panel-grid-cell\" ><div id=\"panel-67645-1-0-0\" class=\"so-panel widget widget_sow-editor panel-first-child panel-last-child\" data-index=\"2\" ><div\n\t\t\t\n\t\t\tclass=\"so-widget-sow-editor so-widget-sow-editor-base\"\n\t\t\t\n\t\t>\n<div class=\"siteorigin-widget-tinymce textwidget\">\n\t<style>\n.disc-bullet-points-list {\n  list-style-type: disc;\n  padding-left: 40px;\n  margin: revert;\n}\n.disc-bullet-points-list::marker {\n  all: revert;\n}\n.disc-bullet-points-list > li {\n list-style-type: disc;\n border: unset;\nmargin: 0;\npadding: 0;\n}\n<\/style>\n<\/div>\n<\/div><\/div><\/div><\/div><\/div>","protected":false},"excerpt":{"rendered":"<p>Les arrangements pr\u00e9alables ou pr\u00e9-arrangements Faire ses pr\u00e9-arrangements, c&rsquo;est un geste d&rsquo;amour. Une fois ses pr\u00e9-arrangements r\u00e9gl\u00e9s, \u00e7a nous permet de penser \u00e0 autre chose, \u00e0 ceux que nous aimons. Les avantages de faire ses pr\u00e9-arrangements : Gel des prix : Les services retenus sont rendus au prix en vigueur lors de la signature du contrat. Vous vous mettez \u00e0 l&rsquo;abri de l&rsquo;inflation et de toutes hausses \u00e9ventuelles. Les \u00e9conomies : Notre politique a toujours \u00e9t\u00e9 d&rsquo;offrir les meilleurs prix. En optant pour les pr\u00e9-arrangements, vous \u00e9conomiserez encore plus. Paiement sans int\u00e9r\u00eat : Les paiements peuvent \u00eatre \u00e9chelonn\u00e9s sans frais [&hellip;]<\/p>\n","protected":false},"author":5,"featured_media":0,"parent":0,"menu_order":0,"comment_status":"closed","ping_status":"closed","template":"","meta":{"footnotes":""},"class_list":["post-67645","page","type-page","status-publish","hentry"],"jetpack_sharing_enabled":true,"jetpack_shortlink":"https:\/\/wp.me\/P83m3r-hB3","_links":{"self":[{"href":"https:\/\/maisonmallet.com\/index.php?rest_route=\/wp\/v2\/pages\/67645","targetHints":{"allow":["GET"]}}],"collection":[{"href":"https:\/\/maisonmallet.com\/index.php?rest_route=\/wp\/v2\/pages"}],"about":[{"href":"https:\/\/maisonmallet.com\/index.php?rest_route=\/wp\/v2\/types\/page"}],"author":[{"embeddable":true,"href":"https:\/\/maisonmallet.com\/index.php?rest_route=\/wp\/v2\/users\/5"}],"replies":[{"embeddable":true,"href":"https:\/\/maisonmallet.com\/index.php?rest_route=%2Fwp%2Fv2%2Fcomments&post=67645"}],"version-history":[{"count":13,"href":"https:\/\/maisonmallet.com\/index.php?rest_route=\/wp\/v2\/pages\/67645\/revisions"}],"predecessor-version":[{"id":67659,"href":"https:\/\/maisonmallet.com\/index.php?rest_route=\/wp\/v2\/pages\/67645\/revisions\/67659"}],"wp:attachment":[{"href":"https:\/\/maisonmallet.com\/index.php?rest_route=%2Fwp%2Fv2%2Fmedia&parent=67645"}],"curies":[{"name":"wp","href":"https:\/\/api.w.org\/{rel}","templated":true}]}}